{"id":500,"date":"2025-07-27T09:15:36","date_gmt":"2025-07-27T13:15:36","guid":{"rendered":"https:\/\/sacredheartguadalupe.org\/?page_id=500"},"modified":"2025-07-27T09:22:37","modified_gmt":"2025-07-27T13:22:37","slug":"ministries","status":"publish","type":"page","link":"https:\/\/sacredheartguadalupe.org\/?page_id=500","title":{"rendered":"Ministries"},"content":{"rendered":"\t\t<div data-elementor-type=\"wp-page\" data-elementor-id=\"500\" class=\"elementor elementor-500\" data-elementor-post-type=\"page\">\n\t\t\t\t<div class=\"elementor-element elementor-element-0be1843 e-flex e-con-boxed e-con e-parent\" data-id=\"0be1843\" data-element_type=\"container\">\n\t\t\t\t\t<div class=\"e-con-inner\">\n\t\t\t\t<div class=\"elementor-element elementor-element-c78627a elementor-widget elementor-widget-heading\" data-id=\"c78627a\" data-element_type=\"widget\" data-widget_type=\"heading.default\">\n\t\t\t\t<div class=\"elementor-widget-container\">\n\t\t\t\t\t<h2 class=\"elementor-heading-title elementor-size-default\">Ministries<\/h2>\t\t\t\t<\/div>\n\t\t\t\t<\/div>\n\t\t\t\t\t<\/div>\n\t\t\t\t<\/div>\n\t\t<div class=\"elementor-element elementor-element-6f6d1b6 e-flex e-con-boxed e-con e-parent\" data-id=\"6f6d1b6\" data-element_type=\"container\">\n\t\t\t\t\t<div class=\"e-con-inner\">\n\t\t<div class=\"elementor-element elementor-element-0f075b4 e-con-full e-flex e-con e-child\" data-id=\"0f075b4\" data-element_type=\"container\">\n\t\t\t\t<div class=\"elementor-element elementor-element-bf06caa elementor-widget elementor-widget-text-editor\" data-id=\"bf06caa\" data-element_type=\"widget\" data-widget_type=\"text-editor.default\">\n\t\t\t\t<div class=\"elementor-widget-container\">\n\t\t\t\t\t\t\t\t\t<h5 style=\"text-align: center;\">Fr Luis Felipe Suarez\u00a0<br \/>Ministerio Sacerdotal<\/h5>\t\t\t\t\t\t\t\t<\/div>\n\t\t\t\t<\/div>\n\t\t\t\t<div class=\"elementor-element elementor-element-2173c60 elementor-widget elementor-widget-image\" data-id=\"2173c60\" data-element_type=\"widget\" data-widget_type=\"image.default\">\n\t\t\t\t<div class=\"elementor-widget-container\">\n\t\t\t\t\t\t\t\t\t\t\t\t\t\t\t<img fetchpriority=\"high\" decoding=\"async\" width=\"350\" height=\"459\" src=\"https:\/\/sacredheartguadalupe.org\/wp-content\/uploads\/2024\/10\/0605_SuarezLuis.118112739_std.jpg\" class=\"attachment-large size-large wp-image-394\" alt=\"\" srcset=\"https:\/\/sacredheartguadalupe.org\/wp-content\/uploads\/2024\/10\/0605_SuarezLuis.118112739_std.jpg 350w, https:\/\/sacredheartguadalupe.org\/wp-content\/uploads\/2024\/10\/0605_SuarezLuis.118112739_std-229x300.jpg 229w\" sizes=\"(max-width: 350px) 100vw, 350px\" \/>\t\t\t\t\t\t\t\t\t\t\t\t\t\t\t<\/div>\n\t\t\t\t<\/div>\n\t\t\t\t<div class=\"elementor-element elementor-element-c76a121 elementor-widget elementor-widget-text-editor\" data-id=\"c76a121\" data-element_type=\"widget\" data-widget_type=\"text-editor.default\">\n\t\t\t\t<div class=\"elementor-widget-container\">\n\t\t\t\t\t\t\t\t\t<h5>Fr. Luis Felipe Suarez ~ Sacred Heart-Guadalupe Parish<\/h5><p>KANSAS CITY \u2014 His entire family attended the ordination of Father Luis Felipe Suarez on a May the 23rd at the Cathedral of the Immaculate Conception.They came from Cucunuba, Colombia, about an hour outside the capital city of Bogota \u2014 parents Jose and Blanca, older brother Javier and younger brother Carlos.<\/p><p>But one very special guest had to be remembered in Father Suarez\u2019s heart, Father Rafael Bonilla, who died two weeks before the ordination of the young man whose seed of vocation the priest helped nurture.<\/p><p>Father Suarez said his life was much like that of Samuel of the Hebrew Testament.<\/p><p>\u201cI grew up beside the priest at the temple, like Samuel,\u201d he said.<\/p><p>\u201cWhen I was 10 years old, I became an altar boy and served for eight years in my parish,\u201d he said\u201cWhen I was 10 years old, I became an altar boy and served for eight years in my parish,\u201d he said,\u00a0\u201cMy parents\u2019 efforts have been great, generous and dedicated to the purpose of educating their children and helping them become professionals,\u201d Father Suarez said.\u00a0\u201cWe spent a lot of time by ourselves at home while our parents worked, so I preferred to go to church and help the pastor. Wherever he had to go, I went with him \u2014 hospitals, cemeteries, rural areas, schools, meetings, church and Masses.\u201d<\/p><p>Father Suarez was chosen to serve at the altar when the bishop of Bogata came to the village to administer Confirmation. It was then, he said, that he first realized that God might be calling him to the priesthood.<\/p><p>\u201cThe one moment that caught my attention was the moment of the consecration when the bishop joined his hands over the bread and wine and spoke the words of Jesus,\u201d he said.<\/p><p>\u201cIn that moment, I felt like I have to do this,\u201d Father Suarez said.\u00a0\u00a0But that feeling wore off quickly, until a year later when Father Bonilla surprised him with a telephone call.<\/p><p>Father Suarez said he had been invited to the transitional diaconate ordination of a very close friend.\u00a0\u00a0\u201cI didn\u2019t really want to go. I did not want to spend my money on tickets for public transportation to get to his city,\u201d Father Suarez said.\u00a0\u201cThe day of the ordination, the pastor called me very early and said, \u2018Are you ready to go? I am going to pick you up in 40 minutes,\u2019\u201d he said.\u00a0<\/p><p>\u201cSo I got up quickly and went to the ordination. The most beautiful moment was the prostration, the singing of the litanies. Jesus called me for the second time,\u201d Father Suarez said.\u00a0\u00a0<\/p><p>In an ironic moment, Father Suarez\u2019s friend was ordained with six other men. On May 23, Father Suarez himself was ordained to the priesthood with six other men.\u00a0It wasn\u2019t a straight path to his own ordination.\u00a0Seven years into his seminary studies in Colombia, Father Suarez took a three-year break and taught in Catholic high schools in Bogota.\u00a0<\/p><p>\u201cI prayed to God through the intercession of Our Lady of Guadalupe and discerned very seriously that I should become a priest,\u201d he said. \u201cIt was Our Lady of Guadalupe who opened the doors of the Diocese of Kansas City-St. Joseph to me.\u201d<\/p><p>Father Suarez was sent to Holy Apostles Seminary in Cromwell, Conn., which specializes in forming priests whose native language is not English.<\/p><p>His first day there, on his nightstand, he found the same passage from Samuel that was on his nightstand 10 years earlier on his first day in the seminary in Colombia: \u201cHere I am, Lord. I have come to do your will.\u201d\u00a0\u201cOften, God will tell us to do something that may be out of our way or seem too hard,\u201d Father Suarez said.<\/p><p>\u201cHowever, we must always be like Peter, obeying and trusting him. There is a blessing in obedience, and even if you don\u2019t see it immediately, it is always better to obey God no matter what he tells you to do,\u201d he said.<\/p><p>\u201cGod always rewards those who trust him. He is still calling new missionary-disciples to continue working in his holy church to do the will of God,\u201d Father Suarez said.<\/p><p>By Kevin Kelly<br \/>Catholic Key Associate Editor\u00a0<\/p>\t\t\t\t\t\t\t\t<\/div>\n\t\t\t\t<\/div>\n\t\t\t\t<\/div>\n\t\t<div class=\"elementor-element elementor-element-7d420e3 e-con-full e-flex e-con e-child\" data-id=\"7d420e3\" data-element_type=\"container\">\n\t\t\t\t<div class=\"elementor-element elementor-element-d73952c elementor-widget elementor-widget-text-editor\" data-id=\"d73952c\" data-element_type=\"widget\" data-widget_type=\"text-editor.default\">\n\t\t\t\t<div class=\"elementor-widget-container\">\n\t\t\t\t\t\t\t\t\t<h6>THE PASTOR&#8217;S CORNER<\/h6><p><em><strong>Twenty-third Sunday in Ordinary Time<\/strong><\/em><\/p><p>We hear in Saint Matthew&#8217;s Gospel today a clear-cut process of reconciliation. Jesus, who showers his mercy upon us unceasingly, invites us to make peace with those who have offended us. In his letter to the Romans, Saint Paul emphasizes that only in love can the law be fulfilled. Every gesture toward reconciliation inherently implies recognition of past errors, and strengthens us so that we do not commit them again. When we meet Christ in the sacrament of penance, he forgives us and feeds us with his resurrected life, giving us the opportunity to recognize our faults and to carry out the mission he has entrusted to each of us. Today, the word of God affirms that we cannot be reconciled with God without seeking reconciliation with our brothers and sisters. This theme provides an opportunity for ongoing reflection of our community groups. In the Sunday liturgy this week, emphasize the theme of reconciliation in the song selection and universal prayer to engage the assembly in the deeper meaning of reconciliation before they share in the reconciling love of Christ in the Eucharist.<\/p><h6>LA ESQUINA DEL PASTOR<br \/>Vig\u00e9simo Tercero Domingo del Tiempo Ordinario<\/h6><p>Escuchamos hoy en el Evangelio de San Mateo un proceso de reconciliaci\u00f3n bien definido. Jes\u00fas, que derrama incesantemente su misericordia sobre nosotros, nos invita a hacer las paces con los que nos han ofendido. En su carta a los Romanos, San Pablo enfatiza que solo en el amor se puede cumplir la ley. Todo gesto de reconciliaci\u00f3n implica de forma inherente el reconocimiento de errores pasados \u200b\u200by nos fortalece para que no los volvamos a cometer. Cuando nos encontramos con Cristo en el sacramento de la penitencia, \u00e9l nos perdona y nos alimenta con su vida resucitada, d\u00e1ndonos la oportunidad de reconocer nuestras faltas y de llevar a cabo la misi\u00f3n que nos ha confiado a cada uno de nosotros. Hoy, la palabra de Dios afirma que no podemos reconciliarnos con Dios sin buscar la reconciliaci\u00f3n con nuestros hermanos y hermanas. Este tema brinda una oportunidad para la reflexi\u00f3n continua de nuestros grupos comunitarios. En la liturgia dominical de esta semana, enfatice el tema de la reconciliaci\u00f3n en la selecci\u00f3n del canto y la oraci\u00f3n universal para involucrar a la asamblea en el significado m\u00e1s profundo de la reconciliaci\u00f3n antes de compartir el amor reconciliador de Cristo en la Eucarist\u00eda.\u00a0<\/p>\t\t\t\t\t\t\t\t<\/div>\n\t\t\t\t<\/div>\n\t\t\t\t<\/div>\n\t\t\t\t\t<\/div>\n\t\t\t\t<\/div>\n\t\t<div class=\"elementor-element elementor-element-f79e1fd e-flex e-con-boxed e-con e-parent\" data-id=\"f79e1fd\" data-element_type=\"container\">\n\t\t\t\t\t<div class=\"e-con-inner\">\n\t\t<div class=\"elementor-element elementor-element-f1bca58 e-con-full e-flex e-con e-child\" data-id=\"f1bca58\" data-element_type=\"container\">\n\t\t\t\t<div class=\"elementor-element elementor-element-e49a243 elementor-widget elementor-widget-video\" data-id=\"e49a243\" data-element_type=\"widget\" data-settings=\"{&quot;youtube_url&quot;:&quot;https:\\\/\\\/youtu.be\\\/hI3FSH6H4BI&quot;,&quot;video_type&quot;:&quot;youtube&quot;,&quot;controls&quot;:&quot;yes&quot;}\" data-widget_type=\"video.default\">\n\t\t\t\t<div class=\"elementor-widget-container\">\n\t\t\t\t\t\t\t<div class=\"elementor-wrapper elementor-open-inline\">\n\t\t\t<div class=\"elementor-video\"><\/div>\t\t<\/div>\n\t\t\t\t\t\t<\/div>\n\t\t\t\t<\/div>\n\t\t\t\t<\/div>\n\t\t<div class=\"elementor-element elementor-element-491d029 e-con-full e-flex e-con e-child\" data-id=\"491d029\" data-element_type=\"container\">\n\t\t\t\t<div class=\"elementor-element elementor-element-09756c4 elementor-widget elementor-widget-video\" data-id=\"09756c4\" data-element_type=\"widget\" data-settings=\"{&quot;youtube_url&quot;:&quot;https:\\\/\\\/youtu.be\\\/h5m6pvSjekQ&quot;,&quot;video_type&quot;:&quot;youtube&quot;,&quot;controls&quot;:&quot;yes&quot;}\" data-widget_type=\"video.default\">\n\t\t\t\t<div class=\"elementor-widget-container\">\n\t\t\t\t\t\t\t<div class=\"elementor-wrapper elementor-open-inline\">\n\t\t\t<div class=\"elementor-video\"><\/div>\t\t<\/div>\n\t\t\t\t\t\t<\/div>\n\t\t\t\t<\/div>\n\t\t\t\t<\/div>\n\t\t\t\t\t<\/div>\n\t\t\t\t<\/div>\n\t\t\t\t<\/div>\n\t\t","protected":false},"excerpt":{"rendered":"<p>Ministries Fr Luis Felipe Suarez\u00a0Ministerio Sacerdotal Fr. Luis Felipe Suarez ~ Sacred Heart-Guadalupe Parish KANSAS CITY \u2014 His entire family attended the ordination of Father Luis Felipe Suarez on a May the 23rd at the Cathedral of the Immaculate Conception.They came from Cucunuba, Colombia, about an hour outside the capital city of Bogota \u2014 parents [&hellip;]<\/p>\n","protected":false},"author":11,"featured_media":0,"parent":0,"menu_order":0,"comment_status":"closed","ping_status":"closed","template":"","meta":{"footnotes":""},"class_list":["post-500","page","type-page","status-publish","hentry"],"_links":{"self":[{"href":"https:\/\/sacredheartguadalupe.org\/index.php?rest_route=\/wp\/v2\/pages\/500","targetHints":{"allow":["GET"]}}],"collection":[{"href":"https:\/\/sacredheartguadalupe.org\/index.php?rest_route=\/wp\/v2\/pages"}],"about":[{"href":"https:\/\/sacredheartguadalupe.org\/index.php?rest_route=\/wp\/v2\/types\/page"}],"author":[{"embeddable":true,"href":"https:\/\/sacredheartguadalupe.org\/index.php?rest_route=\/wp\/v2\/users\/11"}],"replies":[{"embeddable":true,"href":"https:\/\/sacredheartguadalupe.org\/index.php?rest_route=%2Fwp%2Fv2%2Fcomments&post=500"}],"version-history":[{"count":4,"href":"https:\/\/sacredheartguadalupe.org\/index.php?rest_route=\/wp\/v2\/pages\/500\/revisions"}],"predecessor-version":[{"id":504,"href":"https:\/\/sacredheartguadalupe.org\/index.php?rest_route=\/wp\/v2\/pages\/500\/revisions\/504"}],"wp:attachment":[{"href":"https:\/\/sacredheartguadalupe.org\/index.php?rest_route=%2Fwp%2Fv2%2Fmedia&parent=500"}],"curies":[{"name":"wp","href":"https:\/\/api.w.org\/{rel}","templated":true}]}}