{"id":468,"date":"2025-07-27T08:48:45","date_gmt":"2025-07-27T12:48:45","guid":{"rendered":"https:\/\/sacredheartguadalupe.org\/?page_id=468"},"modified":"2025-07-27T08:56:23","modified_gmt":"2025-07-27T12:56:23","slug":"parish-news","status":"publish","type":"page","link":"https:\/\/sacredheartguadalupe.org\/?page_id=468","title":{"rendered":"Parish News"},"content":{"rendered":"\t\t<div data-elementor-type=\"wp-page\" data-elementor-id=\"468\" class=\"elementor elementor-468\" data-elementor-post-type=\"page\">\n\t\t\t\t<div class=\"elementor-element elementor-element-46d5c2b e-flex e-con-boxed e-con e-parent\" data-id=\"46d5c2b\" data-element_type=\"container\">\n\t\t\t\t\t<div class=\"e-con-inner\">\n\t\t\t\t<div class=\"elementor-element elementor-element-af1a290 elementor-widget elementor-widget-heading\" data-id=\"af1a290\" data-element_type=\"widget\" data-widget_type=\"heading.default\">\n\t\t\t\t<div class=\"elementor-widget-container\">\n\t\t\t\t\t<h2 class=\"elementor-heading-title elementor-size-default\">Parish News<\/h2>\t\t\t\t<\/div>\n\t\t\t\t<\/div>\n\t\t\t\t\t<\/div>\n\t\t\t\t<\/div>\n\t\t<div class=\"elementor-element elementor-element-5248140 e-flex e-con-boxed e-con e-parent\" data-id=\"5248140\" data-element_type=\"container\" data-settings=\"{&quot;background_background&quot;:&quot;classic&quot;}\">\n\t\t\t\t\t<div class=\"e-con-inner\">\n\t\t\t\t<div class=\"elementor-element elementor-element-b968ab6 elementor-widget elementor-widget-video\" data-id=\"b968ab6\" data-element_type=\"widget\" data-settings=\"{&quot;youtube_url&quot;:&quot;https:\\\/\\\/youtu.be\\\/BPapPNp91Gc&quot;,&quot;yt_privacy&quot;:&quot;yes&quot;,&quot;lazy_load&quot;:&quot;yes&quot;,&quot;video_type&quot;:&quot;youtube&quot;,&quot;controls&quot;:&quot;yes&quot;}\" data-widget_type=\"video.default\">\n\t\t\t\t<div class=\"elementor-widget-container\">\n\t\t\t\t\t\t\t<div class=\"elementor-wrapper elementor-open-inline\">\n\t\t\t<div class=\"elementor-video\"><\/div>\t\t<\/div>\n\t\t\t\t\t\t<\/div>\n\t\t\t\t<\/div>\n\t\t\t\t<div class=\"elementor-element elementor-element-f5cc70c elementor-widget elementor-widget-text-editor\" data-id=\"f5cc70c\" data-element_type=\"widget\" data-widget_type=\"text-editor.default\">\n\t\t\t\t<div class=\"elementor-widget-container\">\n\t\t\t\t\t\t\t\t\t<h6 style=\"text-align: center;\">We Have The Most Holy Sacrament of The altar exposed every Thursday from 10 am to 6pm<\/h6><h6 style=\"text-align: center;\"><br \/>Con alegr\u00eda les informamos que tenemos Jueves Eucar\u00edstico desde las 10 de la ma\u00f1ana hasta las 6 de la tarde cada Jueves Jes\u00fas te espera en el alta<\/h6>\t\t\t\t\t\t\t\t<\/div>\n\t\t\t\t<\/div>\n\t\t\t\t<div class=\"elementor-element elementor-element-a8f7c24 elementor-widget elementor-widget-text-editor\" data-id=\"a8f7c24\" data-element_type=\"widget\" data-widget_type=\"text-editor.default\">\n\t\t\t\t<div class=\"elementor-widget-container\">\n\t\t\t\t\t\t\t\t\t<h6>Felicia Holcomb<\/h6><h6>Director of Marketing and Development<\/h6><h6>fholcomb@rcskck.org<\/h6><h6>Resurrection Catholic School<\/h6><h6>425 N. 15th St.<\/h6><h6>Kansas City, Kansas 66102<\/h6><h6>Tel: (913) 371-8101<\/h6><h6>https:\/\/www.rcskck.org\/<\/h6>\t\t\t\t\t\t\t\t<\/div>\n\t\t\t\t<\/div>\n\t\t\t\t<div class=\"elementor-element elementor-element-792c849 elementor-widget elementor-widget-image\" data-id=\"792c849\" data-element_type=\"widget\" data-widget_type=\"image.default\">\n\t\t\t\t<div class=\"elementor-widget-container\">\n\t\t\t\t\t\t\t\t\t\t\t\t\t\t\t\t<a href=\"https:\/\/sacredheartguadalupe.org\/wp-content\/uploads\/2025\/07\/vetimenta259115838_std.118130244_std.jpg\" data-elementor-open-lightbox=\"yes\" data-elementor-lightbox-title=\"vetimenta259115838_std.118130244_std\" data-e-action-hash=\"#elementor-action%3Aaction%3Dlightbox%26settings%3DeyJpZCI6NDcxLCJ1cmwiOiJodHRwczpcL1wvc2FjcmVkaGVhcnRndWFkYWx1cGUub3JnXC93cC1jb250ZW50XC91cGxvYWRzXC8yMDI1XC8wN1wvdmV0aW1lbnRhMjU5MTE1ODM4X3N0ZC4xMTgxMzAyNDRfc3RkLmpwZyJ9\">\n\t\t\t\t\t\t\t<img fetchpriority=\"high\" decoding=\"async\" width=\"568\" height=\"536\" src=\"https:\/\/sacredheartguadalupe.org\/wp-content\/uploads\/2025\/07\/vetimenta259115838_std.118130244_std.jpg\" class=\"attachment-large size-large wp-image-471\" alt=\"\" srcset=\"https:\/\/sacredheartguadalupe.org\/wp-content\/uploads\/2025\/07\/vetimenta259115838_std.118130244_std.jpg 568w, https:\/\/sacredheartguadalupe.org\/wp-content\/uploads\/2025\/07\/vetimenta259115838_std.118130244_std-300x283.jpg 300w\" sizes=\"(max-width: 568px) 100vw, 568px\" \/>\t\t\t\t\t\t\t\t<\/a>\n\t\t\t\t\t\t\t\t\t\t\t\t\t\t\t<\/div>\n\t\t\t\t<\/div>\n\t\t\t\t<div class=\"elementor-element elementor-element-6fd0c23 elementor-widget elementor-widget-image\" data-id=\"6fd0c23\" data-element_type=\"widget\" data-widget_type=\"image.default\">\n\t\t\t\t<div class=\"elementor-widget-container\">\n\t\t\t\t\t\t\t\t\t\t\t\t\t\t\t\t<a href=\"http:\/\/www.catholictv.com\/\" target=\"_blank\">\n\t\t\t\t\t\t\t<img decoding=\"async\" width=\"800\" height=\"505\" src=\"https:\/\/sacredheartguadalupe.org\/wp-content\/uploads\/2025\/07\/catolic_tv.289130711_std.jpg\" class=\"attachment-large size-large wp-image-480\" alt=\"\" srcset=\"https:\/\/sacredheartguadalupe.org\/wp-content\/uploads\/2025\/07\/catolic_tv.289130711_std.jpg 800w, https:\/\/sacredheartguadalupe.org\/wp-content\/uploads\/2025\/07\/catolic_tv.289130711_std-300x189.jpg 300w, https:\/\/sacredheartguadalupe.org\/wp-content\/uploads\/2025\/07\/catolic_tv.289130711_std-768x485.jpg 768w\" sizes=\"(max-width: 800px) 100vw, 800px\" \/>\t\t\t\t\t\t\t\t<\/a>\n\t\t\t\t\t\t\t\t\t\t\t\t\t\t\t<\/div>\n\t\t\t\t<\/div>\n\t\t\t\t<div class=\"elementor-element elementor-element-0ffd673 elementor-widget elementor-widget-image\" data-id=\"0ffd673\" data-element_type=\"widget\" data-widget_type=\"image.default\">\n\t\t\t\t<div class=\"elementor-widget-container\">\n\t\t\t\t\t\t\t\t\t\t\t\t\t\t\t\t<a href=\"http:\/\/www.ewtn.com\/\" target=\"_blank\">\n\t\t\t\t\t\t\t<img decoding=\"async\" width=\"329\" height=\"101\" src=\"https:\/\/sacredheartguadalupe.org\/wp-content\/uploads\/2025\/07\/ewtn.289130720_std.jpg\" class=\"attachment-large size-large wp-image-479\" alt=\"\" srcset=\"https:\/\/sacredheartguadalupe.org\/wp-content\/uploads\/2025\/07\/ewtn.289130720_std.jpg 329w, https:\/\/sacredheartguadalupe.org\/wp-content\/uploads\/2025\/07\/ewtn.289130720_std-300x92.jpg 300w\" sizes=\"(max-width: 329px) 100vw, 329px\" \/>\t\t\t\t\t\t\t\t<\/a>\n\t\t\t\t\t\t\t\t\t\t\t\t\t\t\t<\/div>\n\t\t\t\t<\/div>\n\t\t\t\t<div class=\"elementor-element elementor-element-bbdd67e elementor-widget elementor-widget-image\" data-id=\"bbdd67e\" data-element_type=\"widget\" data-widget_type=\"image.default\">\n\t\t\t\t<div class=\"elementor-widget-container\">\n\t\t\t\t\t\t\t\t\t\t\t\t\t\t\t\t<a href=\"http:\/\/thecatholicradionetwork.com\/\" target=\"_blank\">\n\t\t\t\t\t\t\t<img loading=\"lazy\" decoding=\"async\" width=\"561\" height=\"167\" src=\"https:\/\/sacredheartguadalupe.org\/wp-content\/uploads\/2025\/07\/change.191223233_std.png\" class=\"attachment-large size-large wp-image-478\" alt=\"\" srcset=\"https:\/\/sacredheartguadalupe.org\/wp-content\/uploads\/2025\/07\/change.191223233_std.png 561w, https:\/\/sacredheartguadalupe.org\/wp-content\/uploads\/2025\/07\/change.191223233_std-300x89.png 300w\" sizes=\"(max-width: 561px) 100vw, 561px\" \/>\t\t\t\t\t\t\t\t<\/a>\n\t\t\t\t\t\t\t\t\t\t\t\t\t\t\t<\/div>\n\t\t\t\t<\/div>\n\t\t\t\t<div class=\"elementor-element elementor-element-5f50451 elementor-widget elementor-widget-heading\" data-id=\"5f50451\" data-element_type=\"widget\" data-widget_type=\"heading.default\">\n\t\t\t\t<div class=\"elementor-widget-container\">\n\t\t\t\t\t<h5 class=\"elementor-heading-title elementor-size-default\">First Communion\/Reconciliation<\/h5>\t\t\t\t<\/div>\n\t\t\t\t<\/div>\n\t\t\t\t<div class=\"elementor-element elementor-element-150a5a0 elementor-widget elementor-widget-image\" data-id=\"150a5a0\" data-element_type=\"widget\" data-widget_type=\"image.default\">\n\t\t\t\t<div class=\"elementor-widget-container\">\n\t\t\t\t\t\t\t\t\t\t\t\t\t\t\t<img loading=\"lazy\" decoding=\"async\" width=\"556\" height=\"572\" src=\"https:\/\/sacredheartguadalupe.org\/wp-content\/uploads\/2025\/07\/communion.254173152_std.png\" class=\"attachment-large size-large wp-image-477\" alt=\"\" srcset=\"https:\/\/sacredheartguadalupe.org\/wp-content\/uploads\/2025\/07\/communion.254173152_std.png 556w, https:\/\/sacredheartguadalupe.org\/wp-content\/uploads\/2025\/07\/communion.254173152_std-292x300.png 292w\" sizes=\"(max-width: 556px) 100vw, 556px\" \/>\t\t\t\t\t\t\t\t\t\t\t\t\t\t\t<\/div>\n\t\t\t\t<\/div>\n\t\t\t\t<div class=\"elementor-element elementor-element-a408bad elementor-widget elementor-widget-image\" data-id=\"a408bad\" data-element_type=\"widget\" data-widget_type=\"image.default\">\n\t\t\t\t<div class=\"elementor-widget-container\">\n\t\t\t\t\t\t\t\t\t\t\t\t\t\t\t\t<a href=\"https:\/\/sacredheartguadalupe.org\/wp-content\/uploads\/2025\/07\/ninos.281213316_std.png\" data-elementor-open-lightbox=\"yes\" data-elementor-lightbox-title=\"ninos.281213316_std\" data-e-action-hash=\"#elementor-action%3Aaction%3Dlightbox%26settings%3DeyJpZCI6NDc2LCJ1cmwiOiJodHRwczpcL1wvc2FjcmVkaGVhcnRndWFkYWx1cGUub3JnXC93cC1jb250ZW50XC91cGxvYWRzXC8yMDI1XC8wN1wvbmlub3MuMjgxMjEzMzE2X3N0ZC5wbmcifQ%3D%3D\">\n\t\t\t\t\t\t\t<img loading=\"lazy\" decoding=\"async\" width=\"768\" height=\"460\" src=\"https:\/\/sacredheartguadalupe.org\/wp-content\/uploads\/2025\/07\/ninos.281213316_std-768x460.png\" class=\"attachment-medium_large size-medium_large wp-image-476\" alt=\"\" srcset=\"https:\/\/sacredheartguadalupe.org\/wp-content\/uploads\/2025\/07\/ninos.281213316_std-768x460.png 768w, https:\/\/sacredheartguadalupe.org\/wp-content\/uploads\/2025\/07\/ninos.281213316_std-300x180.png 300w, https:\/\/sacredheartguadalupe.org\/wp-content\/uploads\/2025\/07\/ninos.281213316_std.png 800w\" sizes=\"(max-width: 768px) 100vw, 768px\" \/>\t\t\t\t\t\t\t\t<\/a>\n\t\t\t\t\t\t\t\t\t\t\t\t\t\t\t<\/div>\n\t\t\t\t<\/div>\n\t\t\t\t<div class=\"elementor-element elementor-element-c7ffe5c elementor-widget elementor-widget-image\" data-id=\"c7ffe5c\" data-element_type=\"widget\" data-widget_type=\"image.default\">\n\t\t\t\t<div class=\"elementor-widget-container\">\n\t\t\t\t\t\t\t\t\t\t\t\t\t\t\t<img loading=\"lazy\" decoding=\"async\" width=\"768\" height=\"994\" src=\"https:\/\/sacredheartguadalupe.org\/wp-content\/uploads\/2025\/07\/ReportAbuseposter_SPANISHnew_parishreducedSPANISH_2019.224143001_std-768x994.jpg\" class=\"attachment-medium_large size-medium_large wp-image-475\" alt=\"\" srcset=\"https:\/\/sacredheartguadalupe.org\/wp-content\/uploads\/2025\/07\/ReportAbuseposter_SPANISHnew_parishreducedSPANISH_2019.224143001_std-768x994.jpg 768w, https:\/\/sacredheartguadalupe.org\/wp-content\/uploads\/2025\/07\/ReportAbuseposter_SPANISHnew_parishreducedSPANISH_2019.224143001_std-232x300.jpg 232w, https:\/\/sacredheartguadalupe.org\/wp-content\/uploads\/2025\/07\/ReportAbuseposter_SPANISHnew_parishreducedSPANISH_2019.224143001_std-791x1024.jpg 791w, https:\/\/sacredheartguadalupe.org\/wp-content\/uploads\/2025\/07\/ReportAbuseposter_SPANISHnew_parishreducedSPANISH_2019.224143001_std.jpg 800w\" sizes=\"(max-width: 768px) 100vw, 768px\" \/>\t\t\t\t\t\t\t\t\t\t\t\t\t\t\t<\/div>\n\t\t\t\t<\/div>\n\t\t\t\t<div class=\"elementor-element elementor-element-52e523e elementor-widget elementor-widget-image\" data-id=\"52e523e\" data-element_type=\"widget\" data-widget_type=\"image.default\">\n\t\t\t\t<div class=\"elementor-widget-container\">\n\t\t\t\t\t\t\t\t\t\t\t\t\t\t\t<img loading=\"lazy\" decoding=\"async\" width=\"768\" height=\"516\" src=\"https:\/\/sacredheartguadalupe.org\/wp-content\/uploads\/2025\/07\/tamales.84155605_std-768x516.png\" class=\"attachment-medium_large size-medium_large wp-image-474\" alt=\"\" srcset=\"https:\/\/sacredheartguadalupe.org\/wp-content\/uploads\/2025\/07\/tamales.84155605_std-768x516.png 768w, https:\/\/sacredheartguadalupe.org\/wp-content\/uploads\/2025\/07\/tamales.84155605_std-300x201.png 300w, https:\/\/sacredheartguadalupe.org\/wp-content\/uploads\/2025\/07\/tamales.84155605_std.png 800w\" sizes=\"(max-width: 768px) 100vw, 768px\" \/>\t\t\t\t\t\t\t\t\t\t\t\t\t\t\t<\/div>\n\t\t\t\t<\/div>\n\t\t\t\t<div class=\"elementor-element elementor-element-41d136c elementor-widget elementor-widget-text-editor\" data-id=\"41d136c\" data-element_type=\"widget\" data-widget_type=\"text-editor.default\">\n\t\t\t\t<div class=\"elementor-widget-container\">\n\t\t\t\t\t\t\t\t\t<h5>Ya se pueden descargar los formatos para confirmacion y bautizo, busquelos en la seccion de Servicios, bajo el servicio que usted requiera!<\/h5><h5>You can Find the new registration Forms for Bautism and Confirmation, please find it under services!<\/h5>\t\t\t\t\t\t\t\t<\/div>\n\t\t\t\t<\/div>\n\t\t\t\t<div class=\"elementor-element elementor-element-a70b089 elementor-widget elementor-widget-image\" data-id=\"a70b089\" data-element_type=\"widget\" data-widget_type=\"image.default\">\n\t\t\t\t<div class=\"elementor-widget-container\">\n\t\t\t\t\t\t\t\t\t\t\t\t\t\t\t<img loading=\"lazy\" decoding=\"async\" width=\"768\" height=\"1281\" src=\"https:\/\/sacredheartguadalupe.org\/wp-content\/uploads\/2025\/07\/Carta_para_Parroquianos_Reapertura_May_2020.134190242_std-768x1281.jpg\" class=\"attachment-medium_large size-medium_large wp-image-473\" alt=\"\" srcset=\"https:\/\/sacredheartguadalupe.org\/wp-content\/uploads\/2025\/07\/Carta_para_Parroquianos_Reapertura_May_2020.134190242_std-768x1281.jpg 768w, https:\/\/sacredheartguadalupe.org\/wp-content\/uploads\/2025\/07\/Carta_para_Parroquianos_Reapertura_May_2020.134190242_std-180x300.jpg 180w, https:\/\/sacredheartguadalupe.org\/wp-content\/uploads\/2025\/07\/Carta_para_Parroquianos_Reapertura_May_2020.134190242_std-614x1024.jpg 614w, https:\/\/sacredheartguadalupe.org\/wp-content\/uploads\/2025\/07\/Carta_para_Parroquianos_Reapertura_May_2020.134190242_std.jpg 800w\" sizes=\"(max-width: 768px) 100vw, 768px\" \/>\t\t\t\t\t\t\t\t\t\t\t\t\t\t\t<\/div>\n\t\t\t\t<\/div>\n\t\t\t\t<div class=\"elementor-element elementor-element-685b23b elementor-widget elementor-widget-image\" data-id=\"685b23b\" data-element_type=\"widget\" data-widget_type=\"image.default\">\n\t\t\t\t<div class=\"elementor-widget-container\">\n\t\t\t\t\t\t\t\t\t\t\t\t\t\t\t<img loading=\"lazy\" decoding=\"async\" width=\"768\" height=\"993\" src=\"https:\/\/sacredheartguadalupe.org\/wp-content\/uploads\/2025\/07\/Oportunidad_empleo_geriatrico_KC.138132637_std-768x993.jpg\" class=\"attachment-medium_large size-medium_large wp-image-472\" alt=\"\" srcset=\"https:\/\/sacredheartguadalupe.org\/wp-content\/uploads\/2025\/07\/Oportunidad_empleo_geriatrico_KC.138132637_std-768x993.jpg 768w, https:\/\/sacredheartguadalupe.org\/wp-content\/uploads\/2025\/07\/Oportunidad_empleo_geriatrico_KC.138132637_std-232x300.jpg 232w, https:\/\/sacredheartguadalupe.org\/wp-content\/uploads\/2025\/07\/Oportunidad_empleo_geriatrico_KC.138132637_std-792x1024.jpg 792w, https:\/\/sacredheartguadalupe.org\/wp-content\/uploads\/2025\/07\/Oportunidad_empleo_geriatrico_KC.138132637_std.jpg 800w\" sizes=\"(max-width: 768px) 100vw, 768px\" \/>\t\t\t\t\t\t\t\t\t\t\t\t\t\t\t<\/div>\n\t\t\t\t<\/div>\n\t\t\t\t\t<\/div>\n\t\t\t\t<\/div>\n\t\t\t\t<\/div>\n\t\t","protected":false},"excerpt":{"rendered":"<p>Parish News https:\/\/youtu.be\/BPapPNp91Gc We Have The Most Holy Sacrament of The altar exposed every Thursday from 10 am to 6pm Con alegr\u00eda les informamos que tenemos Jueves Eucar\u00edstico desde las 10 de la ma\u00f1ana hasta las 6 de la tarde cada Jueves Jes\u00fas te espera en el alta Felicia Holcomb Director of Marketing and Development [&hellip;]<\/p>\n","protected":false},"author":11,"featured_media":0,"parent":0,"menu_order":0,"comment_status":"closed","ping_status":"closed","template":"","meta":{"footnotes":""},"class_list":["post-468","page","type-page","status-publish","hentry"],"_links":{"self":[{"href":"https:\/\/sacredheartguadalupe.org\/index.php?rest_route=\/wp\/v2\/pages\/468","targetHints":{"allow":["GET"]}}],"collection":[{"href":"https:\/\/sacredheartguadalupe.org\/index.php?rest_route=\/wp\/v2\/pages"}],"about":[{"href":"https:\/\/sacredheartguadalupe.org\/index.php?rest_route=\/wp\/v2\/types\/page"}],"author":[{"embeddable":true,"href":"https:\/\/sacredheartguadalupe.org\/index.php?rest_route=\/wp\/v2\/users\/11"}],"replies":[{"embeddable":true,"href":"https:\/\/sacredheartguadalupe.org\/index.php?rest_route=%2Fwp%2Fv2%2Fcomments&post=468"}],"version-history":[{"count":7,"href":"https:\/\/sacredheartguadalupe.org\/index.php?rest_route=\/wp\/v2\/pages\/468\/revisions"}],"predecessor-version":[{"id":486,"href":"https:\/\/sacredheartguadalupe.org\/index.php?rest_route=\/wp\/v2\/pages\/468\/revisions\/486"}],"wp:attachment":[{"href":"https:\/\/sacredheartguadalupe.org\/index.php?rest_route=%2Fwp%2Fv2%2Fmedia&parent=468"}],"curies":[{"name":"wp","href":"https:\/\/api.w.org\/{rel}","templated":true}]}}