{"id":431,"date":"2024-12-26T14:57:56","date_gmt":"2024-12-26T19:57:56","guid":{"rendered":"https:\/\/sacredheartguadalupe.org\/?page_id=431"},"modified":"2024-12-28T07:29:21","modified_gmt":"2024-12-28T12:29:21","slug":"services","status":"publish","type":"page","link":"https:\/\/sacredheartguadalupe.org\/?page_id=431","title":{"rendered":"Services"},"content":{"rendered":"\t\t<div data-elementor-type=\"wp-page\" data-elementor-id=\"431\" class=\"elementor elementor-431\" data-elementor-post-type=\"page\">\n\t\t\t\t<div class=\"elementor-element elementor-element-bf590b0 e-flex e-con-boxed e-con e-parent\" data-id=\"bf590b0\" data-element_type=\"container\">\n\t\t\t\t\t<div class=\"e-con-inner\">\n\t\t\t\t<div class=\"elementor-element elementor-element-7de3805 elementor-widget elementor-widget-text-editor\" data-id=\"7de3805\" data-element_type=\"widget\" data-widget_type=\"text-editor.default\">\n\t\t\t\t<div class=\"elementor-widget-container\">\n\t\t\t\t\t\t\t\t\t<h1>Sacrament Preparation Time<\/h1><h5>Tiempo L\u00edmite para la Preparaci\u00f3n de los Sacramentos<\/h5><ul><li>Baptism\/Bautismo<br \/><br \/><\/li><li>\u00a0Confirmation\/Confirmaci\u00f3n<br \/>2 years before\/2 a\u00f1os antes<br \/><br \/><\/li><li>\u00a0First Reconciliation\/First Communi\u00f3n<br \/>Primera Reconciliaci\u00f3n\/Primera<br \/>Comuni\u00f3n Fall registration\/<br \/>Inscribirse en el Oto\u00f1o<br \/>\u00a0<\/li><li>Marriage\/Matrimonio &#8211; 12 months before\/12 meses antes<br \/><br \/><\/li><li>Rite of Christian Initiation of Adults\/ Rito de la Iniciaci\u00f3n Cristiana de Adultos &#8211; 1 year before\/1 a\u00f1o antes<br \/><br \/><\/li><li>\u00a0Quincea\u00f1eras- 1 year before\/1 a\u00f1o ante<\/li><\/ul>\t\t\t\t\t\t\t\t<\/div>\n\t\t\t\t<\/div>\n\t\t\t\t<div class=\"elementor-element elementor-element-98efb83 elementor-widget elementor-widget-text-editor\" data-id=\"98efb83\" data-element_type=\"widget\" data-widget_type=\"text-editor.default\">\n\t\t\t\t<div class=\"elementor-widget-container\">\n\t\t\t\t\t\t\t\t\t<h5>RELIGIOUS EDUCATION<br \/>EDUCACION RELIGIOSA<\/h5><p>Cualquier informaci\u00f3n sobre nuestros sacramentos, Certificados de Sacramentos y Servicios Parroquiales favor de hacer cita con Ramona Arroyo.<\/p><p><strong>Any information about our sacraments, records and services, please make an appointment with Ramona Arroyo<\/strong><\/p><h5>Baptism\/Bautismo<\/h5><figure id=\"attachment_438\" aria-describedby=\"caption-attachment-438\" style=\"width: 300px\" class=\"wp-caption alignleft\"><img fetchpriority=\"high\" decoding=\"async\" class=\"wp-image-438 size-medium\" src=\"https:\/\/sacredheartguadalupe.org\/wp-content\/uploads\/2024\/12\/Screenshot-2024-12-26-at-5.22.09\u202fPM-300x225.jpg\" alt=\"\" width=\"300\" height=\"225\" srcset=\"https:\/\/sacredheartguadalupe.org\/wp-content\/uploads\/2024\/12\/Screenshot-2024-12-26-at-5.22.09\u202fPM-300x225.jpg 300w, https:\/\/sacredheartguadalupe.org\/wp-content\/uploads\/2024\/12\/Screenshot-2024-12-26-at-5.22.09\u202fPM-768x576.jpg 768w, https:\/\/sacredheartguadalupe.org\/wp-content\/uploads\/2024\/12\/Screenshot-2024-12-26-at-5.22.09\u202fPM.jpg 1010w\" sizes=\"(max-width: 300px) 100vw, 300px\" \/><figcaption id=\"caption-attachment-438\" class=\"wp-caption-text\">\u00a0<\/figcaption><\/figure><p><b>Holy Baptism is the basis of the whole Christian life, the gateway to life in the Spirit (vitae spiritualis ianua),4 and the door which gives access to the other sacraments. Through Baptism we are freed from sin and reborn as sons of God; we become members of Christ, are incorporated into the Church and made sharers in her mission: &#8220;Baptism is the sacrament of regeneration through water in the word.&#8221;<\/b><\/p><p>El santo Bautismo es el fundamento de toda la vida cristiana, el p\u00f3rtico de la vida en el esp\u00edritu (&#8220;vitae spiritualis ianua&#8221;) y la puerta que abre el acceso a los otros sacramentos. Por el Bautismo somos liberados del pecado y regenerados como hijos de Dios, llegamos a ser miembros de Cristo y somos incorporados a la Iglesia y hechos part\u00edcipes de su misi\u00f3n. &#8220;El bautismo es el sacramento del nuevo nacimiento por el agua y la palabra&#8221;<br \/>PLATICAS PRE-BAUTISMALES: Cada 3er Mi\u00e9rcoles en el Sal\u00f3n Parroquial a las 6:00 PM, por favor llame a la oficina con anticipaci\u00f3n para registrarse en la clase.<\/p><p><i>Descargar y llenar el formulario correctamente: Click aqui para Descargar.<br \/>Download the registration form: Click here.<br \/>Bautismo<\/i><\/p><p>\u00a0<\/p><h5>First Reconciliation\/Primera Reconciliaci\u00f2n<\/h5><p>penance<br \/>&#8220;Those who approach the sacrament of Penance obtain pardon from God&#8217;s mercy for the offense committed against him, and are, at the same time, reconciled with the Church which they have wounded by their sins and which by charity, by example, and by prayer labors for their conversion.&#8221;<br \/>&#8220;Los que se acercan al sacramento de la penitencia obtienen de la misericordia de Dios el perd\u00f3n de los pecados cometidos contra El y, al mismo tiempo, se reconcilian con la Iglesia, a la que ofendieron con sus pecados. Ella les mueve a conversi\u00f3n con su amor, su ejemplo y sus oraciones&#8221;<br \/>First Communion\/Primera Comuni\u00f2n<br \/>Communion<br \/>&#8220;At the Last Supper, on the night he was betrayed, our Savior instituted the Eucharistic sacrifice of his Body and Blood. This he did in order to perpetuate the sacrifice of the cross throughout the ages until he should come again, and so to entrust to his beloved Spouse, the Church, a memorial of his death and resurrection: a sacrament of love, a sign of unity, a bond of charity, a Paschal banquet &#8216;in which Christ is consumed, the mind is filled with grace, and a pledge of future glory is given to us&#8221;<br \/>&#8220;Nuestro Salvador, en la \u00faltima Cena, la noche en que fue entregado, instituy\u00f3 el Sacrificio Eucar\u00edstico de su cuerpo y su sangre para perpetuar por los siglos, hasta su vuelta, el sacrificio de la cruz y confiar as\u00ed a su Esposa amada, la Iglesia, el memorial de su muerte y resurrecci\u00f3n, sacramento de piedad, signo de unidad, v\u00ednculo de amor, banquete pascual en el que se recibe a Cristo, el alma se llena de gracia y se nos da una prenda de la gloria futura&#8221;<\/p><p>CLASES PARA PRIMERAS COMUNIONES<\/p><p>Si usted tiene ni\u00f1os, o conoce a alguien que tenga ni\u00f1os entre las edades de 7 a 17 a\u00f1os que vayan a entrar por lo menos al 2 grado de primaria y deseen hacer su primera comuni\u00f3n, se les avisa que estaremos registrando el 18 y 25 de Agosto, despu\u00e9s de misa de 11 en el sal\u00f3n parroquial.<\/p><p>Volantes con los requisitos para la inscripci\u00f3n est\u00e1n en el escritorio en el pasillo de la entrada.<\/p><p>Recuerde que los J\u00f3venes de 14 a\u00f1os que desean confirmarse deber\u00e1n tener su primera comuni\u00f3n, al igual que las jovencitas que les gustar\u00eda tener misa para XV a\u00f1os.<\/p><p>Si tiene alguna duda o pregunta puede contactar la oficina al 816-842-6146<\/p><p>Confirmation\/Confirmaci\u00f3n<br \/>confirmation<br \/>Baptism, the Eucharist, and the sacrament of Confirmation together constitute the &#8220;sacraments of Christian initiation,&#8221; whose unity must be safeguarded. It must be explained to the faithful that the reception of the sacrament of Confirmation is necessary for the completion of baptismal grace. For &#8220;by the sacrament of Confirmation, [the baptized] are more perfectly bound to the Church and are enriched with a special strength of the Holy Spirit. Hence they are, as true witnesses of Christ, more strictly obliged to spread and defend the faith by word and deed.&#8221;<br \/>Con el Bautismo y la Eucarist\u00eda, el sacramento de la Confirmaci\u00f3n constituye el conjunto de los &#8220;sacramentos de la iniciaci\u00f3n cristiana&#8221;, cuya unidad debe ser salvaguardada. Es preciso, pues, explicar a los fieles que la recepci\u00f3n de este sacramento es necesaria para la plenitud de la gracia bautismal. En efecto, a los bautizados &#8220;el sacramento de la Confirmaci\u00f3n los une m\u00e1s \u00edntimamente a la Iglesia y los enriquece con una fortaleza especial del Esp\u00edritu Santo. De esta forma quedan obligados a\u00fan m\u00e1s, como aut\u00e9nticos testigos de Cristo, a extender y defender la fe con sus palabras y sus obras&#8221;<\/p><p>Descargar y llenar el formulario correctamente: Click aqui para Descargar.<br \/>Download the registration form: Click here.<br \/>Bautismo<br \/>Marriage\/Matrimonio<br \/>matrimonio<br \/>&#8220;The matrimonial covenant, by which a man and a woman establish between themselves a partnership of the whole of life, is by its nature ordered toward the good of the spouses and the procreation and education of offspring; this covenant between baptized persons has been raised by Christ the Lord to the dignity of a sacrament.&#8221;<br \/>&#8220;La alianza matrimonial, por la que el var\u00f3n y la mujer constituyen entre s\u00ed un consorcio de toda la vida, ordenado por su misma \u00edndole natural al bien de los c\u00f3nyuges y a la generaci\u00f3n y educaci\u00f3n de la prole, fue elevada por Cristo Nuestro Se\u00f1or a la dignidad de sacramento entre bautizados&#8221;<br \/>Adult Baptism<br \/>The catechumenate, or formation of catechumens, aims at bringing their conversion and faith to maturity, in response to the divine initiative and in union with an ecclesial community. The catechumenate is to be &#8220;a formation in the whole Christian life . . . during which the disciples will be joined to Christ their teacher. The catechumens should be properly initiated into the mystery of salvation and the practice of the evangelical virtues, and they should be introduced into the life of faith, liturgy, and charity of the People of God by successive sacred rites.&#8221;<br \/>El catecumenado, o formaci\u00f3n de los catec\u00famenos, tiene por finalidad permitir a estos \u00faltimos, en respuesta a la iniciativa divina y en uni\u00f3n con una comunidad eclesial, llevar a madurez su conversi\u00f3n y su fe. Se trata de una &#8220;formaci\u00f3n, aprendizaje o noviciado debidamente prolongado de la vida cristiana, en que los disc\u00edpulos se unen con Cristo, su Maestro. Por lo tanto, hay que iniciar adecuadamente a los catec\u00famenos en el misterio de la salvaci\u00f3n, en la pr\u00e1ctica de las costumbres evang\u00e9licas y en los ritos sagrados que deben celebrarse en los tiempos sucesivos, e introducirlos en la vida de fe, la liturgia y la caridad del Pueblo de Dios&#8221;<br \/>Quincea\u00f1eras<br \/>quinceanera<br \/>The purpose of the rite is to emphasize the importance of helping Latino Catholics celebrate their cultural heritage and to help unify other Catholics in their communities.<br \/>El prop\u00f3sito del rito es enfatizar la importancia de ayudar a los latinos cat\u00f3licos a celebrar su herencia cultural y para ayudar a unificar a otros cat\u00f3licos en sus comunidades.<br \/>*Notas Importantes:<br \/>La ofrenda para la celebraci\u00f3n en la parroquia es de $500.00 UD.<br \/>Si usted tiene otro sacerdote, la ofrenda o estipendio por el servicio sera cubierto por parte de la quincea\u00f1era.<br \/>Se deber\u00e1 apartar por lo menos con 3 Meses de anticipaci\u00f3n, como sugerencia se pide que se registren 1 a\u00f1o de anticipaci\u00f3n para tener una buena preparaci\u00f3n.<br \/>La Musica o el Coro no estan incluidos, los coros de la parroquia disponibles son:<br \/>Coro &#8220;FE, AMOR Y ESPERANZA&#8221;. Contacto: Roberto Nu\u00f1o &#8211; 913-375-0823\/913-375-0822<br \/>Coro &#8220;Lorenzo &amp; Lupita Hernandez 720-338-5240<br \/>Angelica Rios 913-687-7246<br \/>Favor de contactar a los cordinadores de Coros con tiempo para apartar las fechas, preguntar costos y dudas, para as\u00ed asegurar su disponibilidad.<br \/>Descargar y llenar el formulario correctamente: Click aqui para Descargar.<br \/>Quinceanera registration<br \/>*Important Notes:<br \/>The offering for the celebration in the parish is $ 500.00 UD. If you have another priest, the offering or stipend for the service will be covered by the quincea\u00f1era.<br \/>You should save the date for at least 3 months in advance, as a suggestion is asked to register one year in advance to have a good preparation.<br \/>Music and the Choir are not included, the choirs of the parish are:<br \/>Choir &#8220;FE, AMOR y ESPERANZA&#8221;. Contact: Roberto Nu\u00f1o &#8211; 913-375-0823\/913-375-0822<br \/>Coro Lorenzo &amp; Lupita Hernandez 720-338-5240<br \/>Angelica Rios 913-687-7246<br \/>Please contact the choir coordinator in advance, so you can schedule the music, inquiry about their fees.<br \/>Download the registration form: Click here.<br \/>Quinceanera registration<\/p>\t\t\t\t\t\t\t\t<\/div>\n\t\t\t\t<\/div>\n\t\t\t\t\t<\/div>\n\t\t\t\t<\/div>\n\t\t\t\t<\/div>\n\t\t","protected":false},"excerpt":{"rendered":"<p>Sacrament Preparation Time Tiempo L\u00edmite para la Preparaci\u00f3n de los Sacramentos Baptism\/Bautismo \u00a0Confirmation\/Confirmaci\u00f3n2 years before\/2 a\u00f1os antes \u00a0First Reconciliation\/First Communi\u00f3nPrimera Reconciliaci\u00f3n\/PrimeraComuni\u00f3n Fall registration\/Inscribirse en el Oto\u00f1o\u00a0 Marriage\/Matrimonio &#8211; 12 months before\/12 meses antes Rite of Christian Initiation of Adults\/ Rito de la Iniciaci\u00f3n Cristiana de Adultos &#8211; 1 year before\/1 a\u00f1o antes \u00a0Quincea\u00f1eras- 1 year [&hellip;]<\/p>\n","protected":false},"author":11,"featured_media":0,"parent":0,"menu_order":0,"comment_status":"closed","ping_status":"closed","template":"","meta":{"footnotes":""},"class_list":["post-431","page","type-page","status-publish","hentry"],"_links":{"self":[{"href":"https:\/\/sacredheartguadalupe.org\/index.php?rest_route=\/wp\/v2\/pages\/431","targetHints":{"allow":["GET"]}}],"collection":[{"href":"https:\/\/sacredheartguadalupe.org\/index.php?rest_route=\/wp\/v2\/pages"}],"about":[{"href":"https:\/\/sacredheartguadalupe.org\/index.php?rest_route=\/wp\/v2\/types\/page"}],"author":[{"embeddable":true,"href":"https:\/\/sacredheartguadalupe.org\/index.php?rest_route=\/wp\/v2\/users\/11"}],"replies":[{"embeddable":true,"href":"https:\/\/sacredheartguadalupe.org\/index.php?rest_route=%2Fwp%2Fv2%2Fcomments&post=431"}],"version-history":[{"count":7,"href":"https:\/\/sacredheartguadalupe.org\/index.php?rest_route=\/wp\/v2\/pages\/431\/revisions"}],"predecessor-version":[{"id":442,"href":"https:\/\/sacredheartguadalupe.org\/index.php?rest_route=\/wp\/v2\/pages\/431\/revisions\/442"}],"wp:attachment":[{"href":"https:\/\/sacredheartguadalupe.org\/index.php?rest_route=%2Fwp%2Fv2%2Fmedia&parent=431"}],"curies":[{"name":"wp","href":"https:\/\/api.w.org\/{rel}","templated":true}]}}