{"id":385,"date":"2024-10-15T23:13:18","date_gmt":"2024-10-16T03:13:18","guid":{"rendered":"https:\/\/sacredheartguadalupe.org\/?page_id=385"},"modified":"2024-10-15T23:17:52","modified_gmt":"2024-10-16T03:17:52","slug":"parish-mission","status":"publish","type":"page","link":"https:\/\/sacredheartguadalupe.org\/?page_id=385","title":{"rendered":"Parish Mission"},"content":{"rendered":"\t\t<div data-elementor-type=\"wp-page\" data-elementor-id=\"385\" class=\"elementor elementor-385\" data-elementor-post-type=\"page\">\n\t\t\t\t<div class=\"elementor-element elementor-element-1e87648 e-flex e-con-boxed e-con e-parent\" data-id=\"1e87648\" data-element_type=\"container\" data-settings=\"{&quot;background_background&quot;:&quot;classic&quot;}\">\n\t\t\t\t\t<div class=\"e-con-inner\">\n\t\t<div class=\"elementor-element elementor-element-c73c231 e-con-full e-flex e-con e-child\" data-id=\"c73c231\" data-element_type=\"container\">\n\t\t\t\t<div class=\"elementor-element elementor-element-8ac64a7 elementor-widget elementor-widget-image\" data-id=\"8ac64a7\" data-element_type=\"widget\" data-widget_type=\"image.default\">\n\t\t\t\t<div class=\"elementor-widget-container\">\n\t\t\t\t\t\t\t\t\t\t\t\t\t\t\t<img fetchpriority=\"high\" decoding=\"async\" width=\"268\" height=\"281\" src=\"https:\/\/sacredheartguadalupe.org\/wp-content\/uploads\/2024\/10\/sermon-de-la-montana.354184308.jpg\" class=\"attachment-large size-large wp-image-387\" alt=\"\" \/>\t\t\t\t\t\t\t\t\t\t\t\t\t\t\t<\/div>\n\t\t\t\t<\/div>\n\t\t\t\t<\/div>\n\t\t<div class=\"elementor-element elementor-element-72781be e-con-full e-flex e-con e-child\" data-id=\"72781be\" data-element_type=\"container\">\n\t\t\t\t<div class=\"elementor-element elementor-element-540d841 elementor-widget elementor-widget-text-editor\" data-id=\"540d841\" data-element_type=\"widget\" data-widget_type=\"text-editor.default\">\n\t\t\t\t<div class=\"elementor-widget-container\">\n\t\t\t\t\t\t\t\t\t<h4>Declaraci\u00f3n de Prop\u00f3sitos<br \/>La Parroquia Sagrado Coraz\u00f3n &#8211; Guadalupe<\/h4><p>Es una comunidad de f\u00e9, devota y acogedora en el Westside que responde al llamado del Evangelio, predicando la Palabra, ense\u00f1ando el uno al otro, y sirviendo a aquellos en necesidad.<\/p>\t\t\t\t\t\t\t\t<\/div>\n\t\t\t\t<\/div>\n\t\t\t\t<div class=\"elementor-element elementor-element-70915a9 elementor-widget elementor-widget-text-editor\" data-id=\"70915a9\" data-element_type=\"widget\" data-widget_type=\"text-editor.default\">\n\t\t\t\t<div class=\"elementor-widget-container\">\n\t\t\t\t\t\t\t\t\t<h4><span style=\"color: #ffffff;\">Mission Statement<\/span><\/h4><p><span style=\"color: #ffffff;\">Sacred Heart-Guadalupe Parish is a prayerful, welcoming faith community on the West Side that responds to the call of the Gospel by preaching the Word, teaching one another, and serving those in need.<\/span><\/p>\t\t\t\t\t\t\t\t<\/div>\n\t\t\t\t<\/div>\n\t\t\t\t<\/div>\n\t\t\t\t\t<\/div>\n\t\t\t\t<\/div>\n\t\t\t\t<\/div>\n\t\t","protected":false},"excerpt":{"rendered":"<p>Declaraci\u00f3n de Prop\u00f3sitosLa Parroquia Sagrado Coraz\u00f3n &#8211; Guadalupe Es una comunidad de f\u00e9, devota y acogedora en el Westside que responde al llamado del Evangelio, predicando la Palabra, ense\u00f1ando el uno al otro, y sirviendo a aquellos en necesidad. Mission Statement Sacred Heart-Guadalupe Parish is a prayerful, welcoming faith community on the West Side that [&hellip;]<\/p>\n","protected":false},"author":11,"featured_media":0,"parent":0,"menu_order":0,"comment_status":"closed","ping_status":"closed","template":"","meta":{"footnotes":""},"class_list":["post-385","page","type-page","status-publish","hentry"],"_links":{"self":[{"href":"https:\/\/sacredheartguadalupe.org\/index.php?rest_route=\/wp\/v2\/pages\/385","targetHints":{"allow":["GET"]}}],"collection":[{"href":"https:\/\/sacredheartguadalupe.org\/index.php?rest_route=\/wp\/v2\/pages"}],"about":[{"href":"https:\/\/sacredheartguadalupe.org\/index.php?rest_route=\/wp\/v2\/types\/page"}],"author":[{"embeddable":true,"href":"https:\/\/sacredheartguadalupe.org\/index.php?rest_route=\/wp\/v2\/users\/11"}],"replies":[{"embeddable":true,"href":"https:\/\/sacredheartguadalupe.org\/index.php?rest_route=%2Fwp%2Fv2%2Fcomments&post=385"}],"version-history":[{"count":4,"href":"https:\/\/sacredheartguadalupe.org\/index.php?rest_route=\/wp\/v2\/pages\/385\/revisions"}],"predecessor-version":[{"id":390,"href":"https:\/\/sacredheartguadalupe.org\/index.php?rest_route=\/wp\/v2\/pages\/385\/revisions\/390"}],"wp:attachment":[{"href":"https:\/\/sacredheartguadalupe.org\/index.php?rest_route=%2Fwp%2Fv2%2Fmedia&parent=385"}],"curies":[{"name":"wp","href":"https:\/\/api.w.org\/{rel}","templated":true}]}}